{"id":5,"date":"2019-04-06T10:46:51","date_gmt":"2019-04-06T10:46:51","guid":{"rendered":"http:\/\/lasislascolumbretes.com\/nl\/?page_id=5"},"modified":"2023-12-29T20:16:05","modified_gmt":"2023-12-29T19:16:05","slug":"one-page-express","status":"publish","type":"page","link":"https:\/\/lasislascolumbretes.com\/nl\/one-page-express\/","title":{"rendered":"Las islas columbretes"},"content":{"rendered":"\n<p class=\"wp-block-paragraph\"><\/p>\n\n\n\n<div class=\"wp-block-nextend-smartslider3\">[smartslider3 slider=&#8221;2&#8243;]<\/div>\n\n\n\n<div class=\"wp-block-genesis-blocks-gb-columns gb-layout-service-3 gb-layout-columns-2 gb-2-col-equal gb-columns-center alignfull\" style=\"padding-top:15%;padding-right:5%;padding-bottom:15%;padding-left:5%\"><div class=\"gb-layout-column-wrap gb-block-layout-column-gap-5 gb-is-responsive-column\" style=\"max-width:1200px\">\n<div class=\"wp-block-genesis-blocks-gb-column gb-block-layout-column\"><div class=\"gb-block-layout-column-inner\">\n<figure class=\"wp-block-image size-large\"><a href=\"https:\/\/lasislascolumbretes.com\/nl\/flora-y-fauna\/\"><img loading=\"lazy\" decoding=\"async\" width=\"600\" height=\"400\" src=\"https:\/\/lasislascolumbretes.com\/nl\/wp-content\/uploads\/sites\/6\/2019\/04\/islas-columbretes-flora-1.jpg\" alt=\"\" class=\"wp-image-182\"\/><\/a><\/figure>\n\n\n\n<figure class=\"wp-block-image size-large\"><img loading=\"lazy\" decoding=\"async\" width=\"900\" height=\"724\" src=\"https:\/\/lasislascolumbretes.com\/nl\/wp-content\/uploads\/sites\/6\/2021\/04\/columbretesl02-1.jpg\" alt=\"\" class=\"wp-image-968\" srcset=\"https:\/\/lasislascolumbretes.com\/nl\/wp-content\/uploads\/sites\/6\/2021\/04\/columbretesl02-1.jpg 900w, https:\/\/lasislascolumbretes.com\/nl\/wp-content\/uploads\/sites\/6\/2021\/04\/columbretesl02-1-300x241.jpg 300w, https:\/\/lasislascolumbretes.com\/nl\/wp-content\/uploads\/sites\/6\/2021\/04\/columbretesl02-1-768x618.jpg 768w\" sizes=\"auto, (max-width: 900px) 100vw, 900px\" \/><figcaption>2_COLUMBRETES<\/figcaption><\/figure>\n<\/div><\/div>\n\n\n\n<div class=\"wp-block-genesis-blocks-gb-column gb-block-layout-column gb-is-vertically-aligned-center\"><div class=\"gb-block-layout-column-inner\">\n<h2 class=\"wp-block-heading\">Las Islas Columbretes<\/h2>\n\n\n\n<p class=\"wp-block-paragraph\">De eilandengroep Columbretes ligt in de westelijke Middellandse Zee, op slechts vijftig kilometer afstand van de haven van Castell\u00f3n, in de gelijknamige provincie van de Valenciaanse Gemeenschap.&nbsp;<\/p>\n\n\n\n<p class=\"wp-block-paragraph\">Het bestaat uit 24 eilandjes, verdeeld in vier groepen, die elk naar hun belangrijkste eilandje zijn genoemd. Van noord naar zuid: Columbrete Grande (L\u2019Illa Grossa in het Valenciaans), Perrera (Ferrera), Horadada (Foradada) en El Bergant\u00edn (El Carallot). De oppervlakte beslaat 19 hectare.<\/p>\n\n\n\n<p class=\"wp-block-paragraph\">De eilandengroep is een beschermd natuurpark waardoor het \u00e9\u00e9n van de weinige ongerepte gebieden is op de aarde<\/p>\n\n\n\n<div class=\"wp-block-atomic-blocks-ab-button ab-block-button\"><a href=\"https:\/\/lasislascolumbretes.com\/nl\/flora-en-fauna\/\" target=\"_blank\" rel=\"noopener noreferrer\" class=\"ab-button ab-button-shape-rounded ab-button-size-medium\" style=\"color:#ffffff;background-color:#3373dc\">Lees verder<\/a><\/div>\n\n\n\n<p class=\"wp-block-paragraph\"><\/p>\n<\/div><\/div>\n<\/div><\/div>\n\n\n\n<p class=\"wp-block-paragraph\"><\/p>\n\n\n\n<div class=\"wp-block-genesis-blocks-gb-columns gb-layout-service-3 gb-layout-columns-2 gb-2-col-equal gb-columns-center alignfull\" style=\"padding-top:15%;padding-right:5%;padding-bottom:15%;padding-left:5%\"><div class=\"gb-layout-column-wrap gb-block-layout-column-gap-5 gb-is-responsive-column\" style=\"max-width:1200px\">\n<div class=\"wp-block-genesis-blocks-gb-column gb-block-layout-column\"><div class=\"gb-block-layout-column-inner\">\n<figure class=\"wp-block-image size-large\"><img loading=\"lazy\" decoding=\"async\" width=\"600\" height=\"400\" src=\"https:\/\/lasislascolumbretes.com\/nl\/wp-content\/uploads\/sites\/6\/2019\/04\/islas-columbretes-flora-1.jpg\" alt=\"\" class=\"wp-image-182\"\/><\/figure>\n<\/div><\/div>\n\n\n\n<div class=\"wp-block-genesis-blocks-gb-column gb-block-layout-column gb-is-vertically-aligned-center\"><div class=\"gb-block-layout-column-inner\">\n<h2 class=\"wp-block-heading\">Een onvergetelijke ervaring<\/h2>\n\n\n\n<p class=\"wp-block-paragraph\">Wilt u teruggaan in de tijd en genieten van de natuur in ware stijl?<br>Dan bieden wij u de mogelijkheid om met ons de ervaring te delen van een bezoek aan een eiland dat sinds het ontstaan van de aarde hetzelfde is gebleven.<br>U kiest het soort reis dat u verkiest en wij organiseren alles voor u.<\/p>\n\n\n\n<p class=\"wp-block-paragraph\">U zult een unieke, ontspannende reis hebben, waar u kunt genieten in een natuurlijke omgeving met niet meer grenzen dan de horizon, de lucht en de zee.<\/p>\n\n\n\n<p class=\"wp-block-paragraph\"><\/p>\n<\/div><\/div>\n<\/div><\/div>\n\n\n\n<div class=\"wp-block-genesis-blocks-gb-columns gb-layout-service-3 gb-layout-columns-2 gb-2-col-equal gb-columns-center alignfull\" style=\"padding-top:15%;padding-right:5%;padding-bottom:15%;padding-left:5%\"><div class=\"gb-layout-column-wrap gb-block-layout-column-gap-5 gb-is-responsive-column\" style=\"max-width:1200px\">\n<div class=\"wp-block-genesis-blocks-gb-column gb-block-layout-column\"><div class=\"gb-block-layout-column-inner\">\n<figure class=\"wp-block-image size-large\"><img loading=\"lazy\" decoding=\"async\" width=\"1920\" height=\"1440\" src=\"https:\/\/lasislascolumbretes.com\/nl\/wp-content\/uploads\/sites\/6\/2019\/05\/boot1.jpg\" alt=\"\" class=\"wp-image-494\"\/><\/figure>\n<\/div><\/div>\n\n\n\n<div class=\"wp-block-genesis-blocks-gb-column gb-block-layout-column gb-is-vertically-aligned-center\"><div class=\"gb-block-layout-column-inner\">\n<h2 class=\"wp-block-heading\">De trip<\/h2>\n\n\n\n<p class=\"wp-block-paragraph\">Graag begeleiden wij u bij uw trip. We werken op dit moment aan het nieuwe programma. <\/p>\n\n\n\n<p class=\"wp-block-paragraph\">Dit zal in mei gereed zijn.<\/p>\n\n\n\n<p class=\"wp-block-paragraph\"><\/p>\n\n\n\n<p class=\"wp-block-paragraph\"><\/p>\n<\/div><\/div>\n<\/div><\/div>\n","protected":false},"excerpt":{"rendered":"","protected":false},"author":3,"featured_media":0,"parent":0,"menu_order":0,"comment_status":"closed","ping_status":"closed","template":"templates\/blocks.php","meta":{"_crdt_document":"","_uag_custom_page_level_css":"","site-sidebar-layout":"default","site-content-layout":"","ast-site-content-layout":"default","site-content-style":"default","site-sidebar-style":"default","ast-global-header-display":"","ast-banner-title-visibility":"","ast-main-header-display":"","ast-hfb-above-header-display":"","ast-hfb-below-header-display":"","ast-hfb-mobile-header-display":"","site-post-title":"","ast-breadcrumbs-content":"","ast-featured-img":"","footer-sml-layout":"","ast-disable-related-posts":"","theme-transparent-header-meta":"","adv-header-id-meta":"","stick-header-meta":"","header-above-stick-meta":"","header-main-stick-meta":"","header-below-stick-meta":"","astra-migrate-meta-layouts":"default","ast-page-background-enabled":"default","ast-page-background-meta":{"desktop":{"background-color":"","background-image":"","background-repeat":"repeat","background-position":"center center","background-size":"auto","background-attachment":"scroll","background-type":"","background-media":"","overlay-type":"","overlay-color":"","overlay-opacity":"","overlay-gradient":""},"tablet":{"background-color":"","background-image":"","background-repeat":"repeat","background-position":"center center","background-size":"auto","background-attachment":"scroll","background-type":"","background-media":"","overlay-type":"","overlay-color":"","overlay-opacity":"","overlay-gradient":""},"mobile":{"background-color":"","background-image":"","background-repeat":"repeat","background-position":"center center","background-size":"auto","background-attachment":"scroll","background-type":"","background-media":"","overlay-type":"","overlay-color":"","overlay-opacity":"","overlay-gradient":""}},"ast-content-background-meta":{"desktop":{"background-color":"var(--ast-global-color-5)","background-image":"","background-repeat":"repeat","background-position":"center center","background-size":"auto","background-attachment":"scroll","background-type":"","background-media":"","overlay-type":"","overlay-color":"","overlay-opacity":"","overlay-gradient":""},"tablet":{"background-color":"var(--ast-global-color-5)","background-image":"","background-repeat":"repeat","background-position":"center center","background-size":"auto","background-attachment":"scroll","background-type":"","background-media":"","overlay-type":"","overlay-color":"","overlay-opacity":"","overlay-gradient":""},"mobile":{"background-color":"var(--ast-global-color-5)","background-image":"","background-repeat":"repeat","background-position":"center center","background-size":"auto","background-attachment":"scroll","background-type":"","background-media":"","overlay-type":"","overlay-color":"","overlay-opacity":"","overlay-gradient":""}},"footnotes":""},"class_list":["post-5","page","type-page","status-publish","hentry"],"featured_image_urls_v2":{"full":"","thumbnail":"","medium":"","medium_large":"","large":"","1536x1536":"","2048x2048":"","ab-block-post-grid-landscape":"","ab-block-post-grid-square":""},"post_excerpt_stackable_v2":"<p>[smartslider3 slider=&#8221;2&#8243;] 2_COLUMBRETES Las Islas Columbretes De eilandengroep Columbretes ligt in de westelijke Middellandse Zee, op slechts vijftig kilometer afstand van de haven van Castell\u00f3n, in de gelijknamige provincie van de Valenciaanse Gemeenschap.&nbsp; Het bestaat uit 24 eilandjes, verdeeld in vier groepen, die elk naar hun belangrijkste eilandje zijn genoemd. Van noord naar zuid: Columbrete Grande (L\u2019Illa Grossa in het Valenciaans), Perrera (Ferrera), Horadada (Foradada) en El Bergant\u00edn (El Carallot). De oppervlakte beslaat 19 hectare. De eilandengroep is een beschermd natuurpark waardoor het \u00e9\u00e9n van de weinige ongerepte gebieden is op de aarde Lees verder Een onvergetelijke ervaring Wilt u&hellip;<\/p>\n","category_list_v2":"","author_info_v2":{"name":"admin","url":"https:\/\/lasislascolumbretes.com\/nl\/author\/admin\/"},"comments_num_v2":"0 reacties","yoast_head":"<!-- This site is optimized with the Yoast SEO plugin v27.4 - https:\/\/yoast.com\/product\/yoast-seo-wordpress\/ -->\n<title>Las islas columbretes - Las Islas Columbretes<\/title>\n<meta name=\"robots\" content=\"index, follow, max-snippet:-1, max-image-preview:large, max-video-preview:-1\" \/>\n<link rel=\"canonical\" href=\"https:\/\/lasislascolumbretes.com\/nl\/one-page-express\/\" \/>\n<meta property=\"og:locale\" content=\"nl_NL\" \/>\n<meta property=\"og:type\" content=\"article\" \/>\n<meta property=\"og:title\" content=\"Las islas columbretes - Las Islas Columbretes\" \/>\n<meta property=\"og:url\" content=\"https:\/\/lasislascolumbretes.com\/nl\/one-page-express\/\" \/>\n<meta property=\"og:site_name\" content=\"Las Islas Columbretes\" \/>\n<meta property=\"article:modified_time\" content=\"2023-12-29T19:16:05+00:00\" \/>\n<meta property=\"og:image\" content=\"https:\/\/lasislascolumbretes.com\/nl\/wp-content\/uploads\/sites\/6\/2019\/04\/islas-columbretes-flora-1.jpg\" \/>\n<meta name=\"twitter:card\" content=\"summary_large_image\" \/>\n<meta name=\"twitter:label1\" content=\"Geschatte leestijd\" \/>\n\t<meta name=\"twitter:data1\" content=\"1 minuut\" \/>\n<script type=\"application\/ld+json\" class=\"yoast-schema-graph\">{\"@context\":\"https:\\\/\\\/schema.org\",\"@graph\":[{\"@type\":\"WebPage\",\"@id\":\"https:\\\/\\\/lasislascolumbretes.com\\\/nl\\\/one-page-express\\\/\",\"url\":\"https:\\\/\\\/lasislascolumbretes.com\\\/nl\\\/one-page-express\\\/\",\"name\":\"Las islas columbretes - Las Islas Columbretes\",\"isPartOf\":{\"@id\":\"https:\\\/\\\/lasislascolumbretes.com\\\/nl\\\/#website\"},\"primaryImageOfPage\":{\"@id\":\"https:\\\/\\\/lasislascolumbretes.com\\\/nl\\\/one-page-express\\\/#primaryimage\"},\"image\":{\"@id\":\"https:\\\/\\\/lasislascolumbretes.com\\\/nl\\\/one-page-express\\\/#primaryimage\"},\"thumbnailUrl\":\"https:\\\/\\\/lasislascolumbretes.com\\\/nl\\\/wp-content\\\/uploads\\\/sites\\\/6\\\/2019\\\/04\\\/islas-columbretes-flora-1.jpg\",\"datePublished\":\"2019-04-06T10:46:51+00:00\",\"dateModified\":\"2023-12-29T19:16:05+00:00\",\"breadcrumb\":{\"@id\":\"https:\\\/\\\/lasislascolumbretes.com\\\/nl\\\/one-page-express\\\/#breadcrumb\"},\"inLanguage\":\"nl-NL\",\"potentialAction\":[{\"@type\":\"ReadAction\",\"target\":[\"https:\\\/\\\/lasislascolumbretes.com\\\/nl\\\/one-page-express\\\/\"]}]},{\"@type\":\"ImageObject\",\"inLanguage\":\"nl-NL\",\"@id\":\"https:\\\/\\\/lasislascolumbretes.com\\\/nl\\\/one-page-express\\\/#primaryimage\",\"url\":\"https:\\\/\\\/lasislascolumbretes.com\\\/nl\\\/wp-content\\\/uploads\\\/sites\\\/6\\\/2019\\\/04\\\/islas-columbretes-flora-1.jpg\",\"contentUrl\":\"https:\\\/\\\/lasislascolumbretes.com\\\/nl\\\/wp-content\\\/uploads\\\/sites\\\/6\\\/2019\\\/04\\\/islas-columbretes-flora-1.jpg\",\"width\":600,\"height\":400},{\"@type\":\"BreadcrumbList\",\"@id\":\"https:\\\/\\\/lasislascolumbretes.com\\\/nl\\\/one-page-express\\\/#breadcrumb\",\"itemListElement\":[{\"@type\":\"ListItem\",\"position\":1,\"name\":\"Home\",\"item\":\"https:\\\/\\\/lasislascolumbretes.com\\\/nl\\\/\"},{\"@type\":\"ListItem\",\"position\":2,\"name\":\"Las islas columbretes\"}]},{\"@type\":\"WebSite\",\"@id\":\"https:\\\/\\\/lasislascolumbretes.com\\\/nl\\\/#website\",\"url\":\"https:\\\/\\\/lasislascolumbretes.com\\\/nl\\\/\",\"name\":\"Las Islas Columbretes\",\"description\":\"Valencia\",\"publisher\":{\"@id\":\"https:\\\/\\\/lasislascolumbretes.com\\\/nl\\\/#organization\"},\"potentialAction\":[{\"@type\":\"SearchAction\",\"target\":{\"@type\":\"EntryPoint\",\"urlTemplate\":\"https:\\\/\\\/lasislascolumbretes.com\\\/nl\\\/?s={search_term_string}\"},\"query-input\":{\"@type\":\"PropertyValueSpecification\",\"valueRequired\":true,\"valueName\":\"search_term_string\"}}],\"inLanguage\":\"nl-NL\"},{\"@type\":\"Organization\",\"@id\":\"https:\\\/\\\/lasislascolumbretes.com\\\/nl\\\/#organization\",\"name\":\"Las Islas Columbretes\",\"url\":\"https:\\\/\\\/lasislascolumbretes.com\\\/nl\\\/\",\"logo\":{\"@type\":\"ImageObject\",\"inLanguage\":\"nl-NL\",\"@id\":\"https:\\\/\\\/lasislascolumbretes.com\\\/nl\\\/#\\\/schema\\\/logo\\\/image\\\/\",\"url\":\"https:\\\/\\\/lasislascolumbretes.com\\\/nl\\\/wp-content\\\/uploads\\\/sites\\\/6\\\/2025\\\/02\\\/cropped-logo-IC-def-1.png\",\"contentUrl\":\"https:\\\/\\\/lasislascolumbretes.com\\\/nl\\\/wp-content\\\/uploads\\\/sites\\\/6\\\/2025\\\/02\\\/cropped-logo-IC-def-1.png\",\"width\":181,\"height\":159,\"caption\":\"Las Islas Columbretes\"},\"image\":{\"@id\":\"https:\\\/\\\/lasislascolumbretes.com\\\/nl\\\/#\\\/schema\\\/logo\\\/image\\\/\"}}]}<\/script>\n<!-- \/ Yoast SEO plugin. -->","yoast_head_json":{"title":"Las islas columbretes - Las Islas Columbretes","robots":{"index":"index","follow":"follow","max-snippet":"max-snippet:-1","max-image-preview":"max-image-preview:large","max-video-preview":"max-video-preview:-1"},"canonical":"https:\/\/lasislascolumbretes.com\/nl\/one-page-express\/","og_locale":"nl_NL","og_type":"article","og_title":"Las islas columbretes - Las Islas Columbretes","og_url":"https:\/\/lasislascolumbretes.com\/nl\/one-page-express\/","og_site_name":"Las Islas Columbretes","article_modified_time":"2023-12-29T19:16:05+00:00","og_image":[{"url":"https:\/\/lasislascolumbretes.com\/nl\/wp-content\/uploads\/sites\/6\/2019\/04\/islas-columbretes-flora-1.jpg","type":"","width":"","height":""}],"twitter_card":"summary_large_image","twitter_misc":{"Geschatte leestijd":"1 minuut"},"schema":{"@context":"https:\/\/schema.org","@graph":[{"@type":"WebPage","@id":"https:\/\/lasislascolumbretes.com\/nl\/one-page-express\/","url":"https:\/\/lasislascolumbretes.com\/nl\/one-page-express\/","name":"Las islas columbretes - Las Islas Columbretes","isPartOf":{"@id":"https:\/\/lasislascolumbretes.com\/nl\/#website"},"primaryImageOfPage":{"@id":"https:\/\/lasislascolumbretes.com\/nl\/one-page-express\/#primaryimage"},"image":{"@id":"https:\/\/lasislascolumbretes.com\/nl\/one-page-express\/#primaryimage"},"thumbnailUrl":"https:\/\/lasislascolumbretes.com\/nl\/wp-content\/uploads\/sites\/6\/2019\/04\/islas-columbretes-flora-1.jpg","datePublished":"2019-04-06T10:46:51+00:00","dateModified":"2023-12-29T19:16:05+00:00","breadcrumb":{"@id":"https:\/\/lasislascolumbretes.com\/nl\/one-page-express\/#breadcrumb"},"inLanguage":"nl-NL","potentialAction":[{"@type":"ReadAction","target":["https:\/\/lasislascolumbretes.com\/nl\/one-page-express\/"]}]},{"@type":"ImageObject","inLanguage":"nl-NL","@id":"https:\/\/lasislascolumbretes.com\/nl\/one-page-express\/#primaryimage","url":"https:\/\/lasislascolumbretes.com\/nl\/wp-content\/uploads\/sites\/6\/2019\/04\/islas-columbretes-flora-1.jpg","contentUrl":"https:\/\/lasislascolumbretes.com\/nl\/wp-content\/uploads\/sites\/6\/2019\/04\/islas-columbretes-flora-1.jpg","width":600,"height":400},{"@type":"BreadcrumbList","@id":"https:\/\/lasislascolumbretes.com\/nl\/one-page-express\/#breadcrumb","itemListElement":[{"@type":"ListItem","position":1,"name":"Home","item":"https:\/\/lasislascolumbretes.com\/nl\/"},{"@type":"ListItem","position":2,"name":"Las islas columbretes"}]},{"@type":"WebSite","@id":"https:\/\/lasislascolumbretes.com\/nl\/#website","url":"https:\/\/lasislascolumbretes.com\/nl\/","name":"Las Islas Columbretes","description":"Valencia","publisher":{"@id":"https:\/\/lasislascolumbretes.com\/nl\/#organization"},"potentialAction":[{"@type":"SearchAction","target":{"@type":"EntryPoint","urlTemplate":"https:\/\/lasislascolumbretes.com\/nl\/?s={search_term_string}"},"query-input":{"@type":"PropertyValueSpecification","valueRequired":true,"valueName":"search_term_string"}}],"inLanguage":"nl-NL"},{"@type":"Organization","@id":"https:\/\/lasislascolumbretes.com\/nl\/#organization","name":"Las Islas Columbretes","url":"https:\/\/lasislascolumbretes.com\/nl\/","logo":{"@type":"ImageObject","inLanguage":"nl-NL","@id":"https:\/\/lasislascolumbretes.com\/nl\/#\/schema\/logo\/image\/","url":"https:\/\/lasislascolumbretes.com\/nl\/wp-content\/uploads\/sites\/6\/2025\/02\/cropped-logo-IC-def-1.png","contentUrl":"https:\/\/lasislascolumbretes.com\/nl\/wp-content\/uploads\/sites\/6\/2025\/02\/cropped-logo-IC-def-1.png","width":181,"height":159,"caption":"Las Islas Columbretes"},"image":{"@id":"https:\/\/lasislascolumbretes.com\/nl\/#\/schema\/logo\/image\/"}}]}},"featured_image_src":null,"featured_image_src_square":null,"uagb_featured_image_src":{"full":false,"thumbnail":false,"medium":false,"medium_large":false,"large":false,"1536x1536":false,"2048x2048":false,"ab-block-post-grid-landscape":false,"ab-block-post-grid-square":false},"uagb_author_info":{"display_name":"admin","author_link":"https:\/\/lasislascolumbretes.com\/nl\/author\/admin\/"},"uagb_comment_info":0,"uagb_excerpt":null,"_links":{"self":[{"href":"https:\/\/lasislascolumbretes.com\/nl\/wp-json\/wp\/v2\/pages\/5","targetHints":{"allow":["GET"]}}],"collection":[{"href":"https:\/\/lasislascolumbretes.com\/nl\/wp-json\/wp\/v2\/pages"}],"about":[{"href":"https:\/\/lasislascolumbretes.com\/nl\/wp-json\/wp\/v2\/types\/page"}],"author":[{"embeddable":true,"href":"https:\/\/lasislascolumbretes.com\/nl\/wp-json\/wp\/v2\/users\/3"}],"replies":[{"embeddable":true,"href":"https:\/\/lasislascolumbretes.com\/nl\/wp-json\/wp\/v2\/comments?post=5"}],"version-history":[{"count":60,"href":"https:\/\/lasislascolumbretes.com\/nl\/wp-json\/wp\/v2\/pages\/5\/revisions"}],"predecessor-version":[{"id":1088,"href":"https:\/\/lasislascolumbretes.com\/nl\/wp-json\/wp\/v2\/pages\/5\/revisions\/1088"}],"wp:attachment":[{"href":"https:\/\/lasislascolumbretes.com\/nl\/wp-json\/wp\/v2\/media?parent=5"}],"curies":[{"name":"wp","href":"https:\/\/api.w.org\/{rel}","templated":true}]}}